{"id":18,"date":"2014-03-03T15:47:39","date_gmt":"2014-03-03T13:47:39","guid":{"rendered":"http:\/\/eins.13pixel.de\/zf\/?page_id=18"},"modified":"2020-06-08T09:10:58","modified_gmt":"2020-06-08T07:10:58","slug":"kontakt","status":"publish","type":"page","link":"http:\/\/zuegelfrei.de\/cms\/kontakt\/","title":{"rendered":"Kontakt"},"content":{"rendered":"<table style=\"width: 81.5697%;\" border=\"0\" width=\"80%\" cellspacing=\"10\" cellpadding=\"10\">\n<tbody>\n<tr>\n<td style=\"width: 20%;\" align=\"left\" valign=\"top\" width=\"20%\"><\/td>\n<td style=\"width: 82.5084%;\" align=\"left\" valign=\"top\" width=\"80%\"><span style=\"font-size: medium;\"><strong>So finden Sie uns:<br \/>\n<\/strong>Umweltzentrum Franzigmark, auf dem Gel\u00e4nde des BUND<\/span><br \/>\n<span style=\"font-size: medium;\"> Franzigmark 6<\/span><br \/>\n<span style=\"font-size: medium;\"> 06193 Morl\/Petersberg<\/span><iframe loading=\"lazy\" style=\"border: 1px solid black;\" src=\"http:\/\/www.openstreetmap.org\/export\/embed.html?bbox=11.91038131713867%2C51.53048613388343%2C11.912926733493803%2C51.531652468404886&amp;layer=mapnik\" width=\"514\" height=\"423\" frameborder=\"0\" marginwidth=\"0\" marginheight=\"0\" scrolling=\"no\"><\/iframe><br \/>\n<small><a href=\"http:\/\/www.openstreetmap.org\/#map=19\/51.53107\/11.91165\">Gr\u00f6\u00dfere Karte anzeigen<\/a><\/small><span style=\"font-size: medium;\">Das Umweltzentrum ist ein ca. 5 ha gro\u00dfes Gel\u00e4nde am Rande des Naturschutzgebietes der Brachwitzer Alpen. Im hinteren Teil befinden wir uns. Vom Radweg aus Richtung Brachwitz haben wir einen extra Eingang.<\/span><br \/>\n<span style=\"font-size: medium;\"> Sie fahren mit Auto oder Fahrrad am Hafengel\u00e4nde Halle\/Trotha vorbei bis zur Busendschleife Franzigmark. An den Wochentagen f\u00e4hrt st\u00fcndlich der Bus bis dorthin. Das Gel\u00e4nde beginnt direkt da.<\/span><\/p>\n<p><span style=\"font-size: medium;\"><strong>Kontakt:<\/strong><\/span><\/p>\n<p><span style=\"font-size: medium;\"> Reittherapeutin Juliane Sch\u00e4fer<\/span><br \/>\n<span style=\"font-size: medium;\"><strong> Tel.:<\/strong> 0179-1328748<\/span><\/p>\n<p><span style=\"font-size: medium;\"><strong>E-Mail:<\/strong> zuegelfrei@hotmail.com<\/span><br \/>\n<span style=\"font-size: medium;\"> www.zuegelfrei.de<\/span><\/p>\n<p><strong>Kontodaten: <\/strong><\/p>\n<p>Z\u00fcgelfrei e.V.<\/p>\n<p>Saalesparkasse<\/p>\n<p>IBAN: DE64 8005 3762 1894 0462 06<\/p>\n<p>BIC: NOLADE21HAL<\/p>\n<hr \/>\n<p><span style=\"font-size: medium;\"><strong>Noch eine Bitte<\/strong><\/span><\/p>\n<p><strong><span style=\"font-size: medium;\">Nehmen Sie von unangemeldeten Besuchen Abstand, rufen Sie bei Bedarf bitte vorher an (nicht an Sonntagen und Feiertagen) oder schreiben Sie uns eine Email!<\/span><\/strong><\/td>\n<\/tr>\n<\/tbody>\n<\/table>\n","protected":false},"excerpt":{"rendered":"<p>So finden Sie uns: Umweltzentrum Franzigmark, auf dem Gel\u00e4nde des BUND Franzigmark 6 06193 Morl\/Petersberg Gr\u00f6\u00dfere Karte anzeigenDas Umweltzentrum ist ein ca. 5 ha gro\u00dfes Gel\u00e4nde am Rande des Naturschutzgebietes der Brachwitzer Alpen. Im hinteren Teil befinden wir uns. Vom Radweg aus Richtung Brachwitz haben wir einen extra Eingang. Sie fahren mit Auto oder Fahrrad [&hellip;]<\/p>\n","protected":false},"author":1,"featured_media":0,"parent":0,"menu_order":5,"comment_status":"closed","ping_status":"closed","template":"","meta":{"footnotes":""},"class_list":["post-18","page","type-page","status-publish","hentry"],"_links":{"self":[{"href":"http:\/\/zuegelfrei.de\/cms\/wp-json\/wp\/v2\/pages\/18","targetHints":{"allow":["GET"]}}],"collection":[{"href":"http:\/\/zuegelfrei.de\/cms\/wp-json\/wp\/v2\/pages"}],"about":[{"href":"http:\/\/zuegelfrei.de\/cms\/wp-json\/wp\/v2\/types\/page"}],"author":[{"embeddable":true,"href":"http:\/\/zuegelfrei.de\/cms\/wp-json\/wp\/v2\/users\/1"}],"replies":[{"embeddable":true,"href":"http:\/\/zuegelfrei.de\/cms\/wp-json\/wp\/v2\/comments?post=18"}],"version-history":[{"count":21,"href":"http:\/\/zuegelfrei.de\/cms\/wp-json\/wp\/v2\/pages\/18\/revisions"}],"predecessor-version":[{"id":1506,"href":"http:\/\/zuegelfrei.de\/cms\/wp-json\/wp\/v2\/pages\/18\/revisions\/1506"}],"wp:attachment":[{"href":"http:\/\/zuegelfrei.de\/cms\/wp-json\/wp\/v2\/media?parent=18"}],"curies":[{"name":"wp","href":"https:\/\/api.w.org\/{rel}","templated":true}]}}