{"id":66,"date":"2014-03-30T19:09:45","date_gmt":"2014-03-30T17:09:45","guid":{"rendered":"http:\/\/zuegelfrei.de\/cms\/?page_id=66"},"modified":"2018-07-05T20:11:57","modified_gmt":"2018-07-05T18:11:57","slug":"was-mit-pferden-fuer-kinder-moeglich-ist","status":"publish","type":"page","link":"http:\/\/zuegelfrei.de\/cms\/was-mit-pferden-fuer-kinder-moeglich-ist\/","title":{"rendered":"Was mit Pferden f\u00fcr Kinder m\u00f6glich ist"},"content":{"rendered":"<table border=\"0\" width=\"80%\" cellspacing=\"10\" cellpadding=\"10\">\n<tbody>\n<tr>\n<td align=\"left\" valign=\"top\" width=\"20%\"><\/td>\n<td align=\"left\" valign=\"top\" width=\"80%\">\u00a0BEI PFERDEN Z\u00c4HLT WENIGER MUSKELMASSE, VIEL MEHR MENTALE ST\u00c4RKE.<br \/>\nSo haben auch Kinder alle Chancen, sich bei den Pferden zu behaupten. Meist sehen Pferde in ihnen keine Gefahr f\u00fcr ihre Rangposition. Auch sind Kinder wie die Pferde noch sehr im Augenblick, ohne Berechnung, ohne Zukunfts\u00e4ngste. Pferde sind ihnen meist sehr zugewandt und sehr viel geduldiger als gegen\u00fcber Erwachsenen.<br \/>\nVor allem f\u00fcr Kinder ist es oft ein gro\u00dfer Traum, ein eigenes Pferd zu haben, mit ihm am Strand schnell wie der Wind zu galoppieren, als Indianer mit ihm \u00fcber die Pr\u00e4rie zu ziehen&#8230; Das Pferd als gro\u00dfen, starken, sch\u00f6nen und schnellen Freund neben sich zu wissen und sich mit ihm zu identifizieren ist eine wunderbare Vorstellung. Kindern ist dies Motivation, um bei jeder Wetterlage zu den Pferden zu kommen, sich mutig neuen Herausforderungen zu stellen, \u201eungeliebte\u201c Hoft\u00e4tigkeiten zu erledigen und best\u00e4ndig mit den Pferden zu \u00fcben und zu wachsen.<br \/>\nIm Umgang mit dem Pferd lernen sie, sich selbst wahrzunehmen und einzusch\u00e4tzen, aufmerksam, einf\u00fchlsam und umsichtig zu sein, mitzudenken, r\u00fccksichtsvoll zu sein zu Mensch und Tier.<br \/>\nWir haben das Ziel, die Kinder in eine immer gr\u00f6\u00dfere Selbstverantwortung und Selbstst\u00e4ndigkeit zu begleiten. Je nach ihren F\u00e4higkeiten k\u00f6nnen sie sich in das Hofgeschehen einbringen, sich in verschiedenen Situationen erleben und Erfahrungen sammeln. Sie lernen, mit den Pferden, ihren Individualbereich zu verteidigen und sich durchzusetzen. Sie k\u00f6nnen erleben, dass sie durch F\u00fcrsorge und liebevolle Zuwendung zum Pferd von ihm Vertrauen und Liebe zur\u00fcckbekommen. Sie k\u00f6nnen erfahren, dass sie durch Mut und Konsequenz unerwartetes erreichen.<\/p>\n<p><img loading=\"lazy\" decoding=\"async\" class=\"aligncenter wp-image-330 size-medium\" src=\"http:\/\/zuegelfrei.de\/cms\/wp-content\/uploads\/2014\/03\/Kopie-von-P1030878-300x225.jpg\" alt=\"Alina\" width=\"300\" height=\"225\" srcset=\"http:\/\/zuegelfrei.de\/cms\/wp-content\/uploads\/2014\/03\/Kopie-von-P1030878-300x225.jpg 300w, http:\/\/zuegelfrei.de\/cms\/wp-content\/uploads\/2014\/03\/Kopie-von-P1030878-800x600.jpg 800w\" sizes=\"auto, (max-width: 300px) 100vw, 300px\" \/><br \/>\nSchon ein Pferd zu f\u00fchren ist f\u00fcr Kinder eine gro\u00dfe Leistung. Sich zuzutrauen, einem so starken Tier die Richtung zu weisen oder, noch schwieriger, sich und das Pferd durch anspruchsvolles Gel\u00e4nde sicher zu geleiten verlangt umfangreiche k\u00f6rperliche und mentale F\u00e4higkeiten. Diese eignen sich die Kinder nach und nach an. Die Wege um unser Gel\u00e4nde sind daf\u00fcr sehr abwechslungsreich. Das Meistern dieser verschiedensten Situationen gibt Menschen und Pferden Vertrauen, Mut und Energie f\u00fcr den n\u00e4chsten Schritt.<br \/>\nDa Pferde ihren eigenen Kopf haben, sind es nicht immer nur sch\u00f6ne Erfahrungen, die die Kinder im Zusammensein mit ihnen erleben. So kann es vorkommen, dass bei Unaufmerksamkeit die Pferde auf den Fu\u00df treten, dass sie mit dem Reiter im Gestr\u00fcpp verschwinden oder unter tiefh\u00e4ngende \u00c4ste laufen. Zu vermeiden ist auch nicht, dass die Pferde sich erschrecken und losspringen oder aus \u00dcbermut mal schneller sind, als vom Reiter gewollt. In solchen Situationen sind Mut, Tapferkeit und schnelles Reaktionsverm\u00f6gen ganz besonders wichtig. Sie bergen in sich die Chance, zu wachsen, souver\u00e4ner und angstfreier zu werden, aufmerksamer und reaktionsschneller zu handeln.<br \/>\nNat\u00fcrlich m\u00fcssen die Situationen nicht immer spektakul\u00e4r sein, um im Kind etwas zu bewegen.Vom Pferd getragen zu werden, sich auf seinem R\u00fccken fallen zu lassen und die W\u00e4rme zu sp\u00fcren kann entspannen und Sorgen und \u00c4ngste verwehen lassen. Hoch zu Ross kann auch das Selbstwertgef\u00fchl wachsen. Bei ruhigen Ausritten k\u00f6nnen die Kinder ihren Tr\u00e4umen nachgehen, die Umgebung aufnehmen, loslassen von vergangenem Erleben und somit Harmonie mit sich und dem Pferd erleben.<\/p>\n<p><a href=\"http:\/\/zuegelfrei.de\/cms\/wp-content\/uploads\/2014\/03\/P1030812-e1402564792859.jpg\"><img loading=\"lazy\" decoding=\"async\" class=\"aligncenter wp-image-359 size-medium\" src=\"http:\/\/zuegelfrei.de\/cms\/wp-content\/uploads\/2014\/03\/P1030812-e1402564792859-300x188.jpg\" alt=\"Reitzauber\" width=\"300\" height=\"188\" \/><\/a><br \/>\nHarmonie zwischen Reiter und Pferd zu erleben, ist \u00fcberhaupt Grundlage f\u00fcr wahres Reiten.<br \/>\nReiten ist ein sehr anspruchsvoller Sport. Neben der Tatsache, dass ein Lebewesen mit eigenen Instinkten und eigenem Willen etwas ganz anderes abverlangt als ein Auto, wird der Reiter physisch und psychisch sehr gefordert und gef\u00f6rdert. In Gleichgewicht und Balance zu sein sind wichtigste Voraussetzung. \u00dcber verschiedene \u00dcbungen k\u00f6nnen die Kinder sich auf dem R\u00fccken der Pferde darin \u00fcben und sich Berg auf und Berg ab auf dem Pferd einen sicheren Sitz aneignen. Bei verschiedenen Spielen, z.B. mit B\u00e4llen, \u00fcben sie sich in ihrer Koordinationsf\u00e4higkeit und ihrem Reaktionsverm\u00f6gen, sie lernen auf dem Reitplatz ihr Pferd zu lenken und in die gew\u00fcnschten Gangarten zu begleiten. Mit zunehmender Sicherheit schaffen es die Kinder, in Schrecksituationen gel\u00f6st zu bleiben und die Pferde zu beruhigen, zu f\u00fchlen, wie es dem Pferd geht und selber einzusch\u00e4tzen, wie weit das Pferd gefordert werden kann.Je verantwortungsvoller und erfahrener die Kinder im Umgang mit den Pferden werden, je selbst\u00e4ndiger k\u00f6nnen sie sich mit den Pferden erleben und ausprobieren. An manchen Nachmittagen k\u00f6nnen sie ganz allein f\u00fcr die Pflege und Bewegung der Pferde zust\u00e4ndig sein. Zu unseren Veranstaltungen k\u00f6nnen sie mit den Pferden Showprogramme einstudieren und vorf\u00fchren und bei unseren kleinen Hofturnieren ihr K\u00f6nnen zeigen.<br \/>\nEs liegt an uns, wie bunt und erlebnisreich unser Leben ist. M\u00f6gen wir unsere Ideen leben, gemeinsam mit den Tieren unser Leben f\u00fcllen mit reichen Erfahrungen, ber\u00fchrenden Erlebnissen und beherzten Taten.<\/td>\n<\/tr>\n<\/tbody>\n<\/table>\n<p>&nbsp;<\/p>\n","protected":false},"excerpt":{"rendered":"<p>\u00a0BEI PFERDEN Z\u00c4HLT WENIGER MUSKELMASSE, VIEL MEHR MENTALE ST\u00c4RKE. So haben auch Kinder alle Chancen, sich bei den Pferden zu behaupten. Meist sehen Pferde in ihnen keine Gefahr f\u00fcr ihre Rangposition. Auch sind Kinder wie die Pferde noch sehr im Augenblick, ohne Berechnung, ohne Zukunfts\u00e4ngste. Pferde sind ihnen meist sehr zugewandt und sehr viel geduldiger [&hellip;]<\/p>\n","protected":false},"author":1,"featured_media":0,"parent":0,"menu_order":0,"comment_status":"closed","ping_status":"closed","template":"","meta":{"footnotes":""},"class_list":["post-66","page","type-page","status-publish","hentry"],"_links":{"self":[{"href":"http:\/\/zuegelfrei.de\/cms\/wp-json\/wp\/v2\/pages\/66","targetHints":{"allow":["GET"]}}],"collection":[{"href":"http:\/\/zuegelfrei.de\/cms\/wp-json\/wp\/v2\/pages"}],"about":[{"href":"http:\/\/zuegelfrei.de\/cms\/wp-json\/wp\/v2\/types\/page"}],"author":[{"embeddable":true,"href":"http:\/\/zuegelfrei.de\/cms\/wp-json\/wp\/v2\/users\/1"}],"replies":[{"embeddable":true,"href":"http:\/\/zuegelfrei.de\/cms\/wp-json\/wp\/v2\/comments?post=66"}],"version-history":[{"count":9,"href":"http:\/\/zuegelfrei.de\/cms\/wp-json\/wp\/v2\/pages\/66\/revisions"}],"predecessor-version":[{"id":360,"href":"http:\/\/zuegelfrei.de\/cms\/wp-json\/wp\/v2\/pages\/66\/revisions\/360"}],"wp:attachment":[{"href":"http:\/\/zuegelfrei.de\/cms\/wp-json\/wp\/v2\/media?parent=66"}],"curies":[{"name":"wp","href":"https:\/\/api.w.org\/{rel}","templated":true}]}}