{"id":884,"date":"2017-04-13T08:11:08","date_gmt":"2017-04-13T06:11:08","guid":{"rendered":"http:\/\/zuegelfrei.de\/cms\/?page_id=884"},"modified":"2023-04-17T20:21:40","modified_gmt":"2023-04-17T18:21:40","slug":"spenden","status":"publish","type":"page","link":"http:\/\/zuegelfrei.de\/cms\/spenden\/","title":{"rendered":"Spenden"},"content":{"rendered":"<p>Zum Wohle der Pferde investieren wir sehr viel. Trotzdem halten wir die Preise f\u00fcr unsere Angebote m\u00f6glichst moderat und f\u00fcr alle bezahlbar!<\/p>\n<p>\u00dcber Spenden sind wir daher sehr dankbar!<\/p>\n<p><strong>Spendenquittungen k\u00f6nnen wir gerne geben!<\/strong><\/p>\n<p><strong>Kontodaten:<\/strong><\/p>\n<p>Z\u00fcgelfrei e.V.<\/p>\n<p>Saalesparkasse<\/p>\n<p>BIC: NOLADE21HAL<\/p>\n<p>IBAN: DE64 8005 3762 1894 0462 06<\/p>\n","protected":false},"excerpt":{"rendered":"<p>Zum Wohle der Pferde investieren wir sehr viel. Trotzdem halten wir die Preise f\u00fcr unsere Angebote m\u00f6glichst moderat und f\u00fcr alle bezahlbar! \u00dcber Spenden sind wir daher sehr dankbar! Spendenquittungen k\u00f6nnen wir gerne geben! Kontodaten: Z\u00fcgelfrei e.V. Saalesparkasse BIC: NOLADE21HAL IBAN: DE64 8005 3762 1894 0462 06<\/p>\n","protected":false},"author":3,"featured_media":0,"parent":0,"menu_order":0,"comment_status":"closed","ping_status":"closed","template":"","meta":{"footnotes":""},"class_list":["post-884","page","type-page","status-publish","hentry"],"_links":{"self":[{"href":"http:\/\/zuegelfrei.de\/cms\/wp-json\/wp\/v2\/pages\/884","targetHints":{"allow":["GET"]}}],"collection":[{"href":"http:\/\/zuegelfrei.de\/cms\/wp-json\/wp\/v2\/pages"}],"about":[{"href":"http:\/\/zuegelfrei.de\/cms\/wp-json\/wp\/v2\/types\/page"}],"author":[{"embeddable":true,"href":"http:\/\/zuegelfrei.de\/cms\/wp-json\/wp\/v2\/users\/3"}],"replies":[{"embeddable":true,"href":"http:\/\/zuegelfrei.de\/cms\/wp-json\/wp\/v2\/comments?post=884"}],"version-history":[{"count":26,"href":"http:\/\/zuegelfrei.de\/cms\/wp-json\/wp\/v2\/pages\/884\/revisions"}],"predecessor-version":[{"id":1641,"href":"http:\/\/zuegelfrei.de\/cms\/wp-json\/wp\/v2\/pages\/884\/revisions\/1641"}],"wp:attachment":[{"href":"http:\/\/zuegelfrei.de\/cms\/wp-json\/wp\/v2\/media?parent=884"}],"curies":[{"name":"wp","href":"https:\/\/api.w.org\/{rel}","templated":true}]}}