{"id":9,"date":"2014-03-03T15:45:03","date_gmt":"2014-03-03T13:45:03","guid":{"rendered":"http:\/\/eins.13pixel.de\/zf\/?page_id=9"},"modified":"2024-04-02T08:14:04","modified_gmt":"2024-04-02T06:14:04","slug":"angebote","status":"publish","type":"page","link":"http:\/\/zuegelfrei.de\/cms\/angebote\/","title":{"rendered":"Angebote"},"content":{"rendered":"<table style=\"width: 83.8746%;\" border=\"0\" cellspacing=\"10\" cellpadding=\"10\">\n<tbody>\n<tr>\n<td style=\"width: 20%;\" align=\"left\" valign=\"top\"><\/td>\n<td style=\"width: 84.8787%;\" align=\"left\" valign=\"top\"><span style=\"background-color: #00ffff;\"><br \/>\n<\/span><span style=\"background-color: #00ffff;\"><strong>\u00b0Kindergeburtstage<\/strong>14 Uhr bis max. 18 Uhr<\/span><\/p>\n<p><span style=\"background-color: #00ffff;\">-Zeit auf unserem Gel\u00e4nde mit Schaukeln, Trampolin, Spielhaus, Holzpferden&#8230;<\/span><\/p>\n<p><span style=\"background-color: #00ffff;\">-Putzen und Ausflug mit unseren Ponys ca. eine Stunden<\/span><\/p>\n<p><span style=\"background-color: #00ffff;\">Kosten: bis zu 3 Ponys 150\u20ac<\/span><\/p>\n<p><span style=\"background-color: #00ffff;\">Kosten: bis 7 Ponys, 250\u20ac<\/span><\/p>\n<p><span style=\"background-color: #00ffff;\">\u00b0<strong>Wanderungen durch die Brachwitzer Alpen mit unseren Shetlandponys<br \/>\n<\/strong><\/span><\/p>\n<p><span style=\"background-color: #00ffff;\"><strong> Reiten nur f\u00fcr kleine Kinder! G\u00e4ste f\u00fchren die Ponys gerne mit.<br \/>\n<\/strong><\/span><\/p>\n<p><span style=\"background-color: #00ffff;\">1Stunde Putzen und Ausflug mit bis zu 3 Shettys<br \/>\n<\/span><\/p>\n<p><span style=\"background-color: #00ffff;\">Kosten: 120\u20ac<\/span><\/p>\n<p><span style=\"background-color: #00ffff;\"><strong>\u00b0Vereinsnachmittage nur f\u00fcr Vereinsmitglieder: <\/strong><\/span><\/p>\n<p><span style=\"background-color: #00ffff;\">1-2 mal w\u00f6chentlich verbringen unsere Vereinskinder die Nachmittage gemeinsam mit den Ponys bei uns von ca.15-18 Uhr.<\/span><\/p>\n<p><span style=\"background-color: #00ffff;\">Vereinsbeitrag: 70\u20ac\/Monat<\/span><\/p>\n<p><span style=\"background-color: #00ffff;\">\u00b0<strong>Ponyreiten f\u00fcr Kinder von 3-7 Jahre <\/strong><\/span><\/p>\n<p><span style=\"background-color: #00ffff;\">Kosten: 20\u20ac f\u00fcr ca. 25min gef\u00fchrten Reitausflug und Aufenthalt bei uns<\/span><\/p>\n<p><span style=\"background-color: #00ffff;\"><strong>\u00b0Pferdeferien <\/strong>&#8211; siehe Jahresplan<\/span><\/p>\n<p><span style=\"background-color: #00ffff;\"><strong>\u00a0<\/strong><\/span><\/p>\n<p><span style=\"background-color: #00ffff;\"><strong> \u00b0Auf dem Gel\u00e4nde des Umweltzentrum\/ BUND k\u00f6nnen Sie weitere Angebote wahrnehmen:<br \/>\n<\/strong><\/span><\/p>\n<p><span style=\"background-color: #00ffff;\"><strong>\u00a0 <span style=\"text-decoration: underline;\"><span style=\"color: #3366ff; text-decoration: underline;\">&#8211;<a style=\"background-color: #00ffff;\" href=\"http:\/\/www.bund-halle.com\/franzigmark\/\"><span style=\"color: #3366ff; text-decoration: underline;\"> BUND Halle<\/span><\/a> <\/span><\/span><\/strong><\/span><\/p>\n<p><span style=\"background-color: #00ffff;\"><strong><img loading=\"lazy\" decoding=\"async\" class=\"aligncenter size-medium wp-image-80\" src=\"http:\/\/zuegelfrei.de\/cms\/wp-content\/uploads\/2014\/03\/Veranstaltung-P1020351-300x225.jpg\" alt=\"Veranstaltung-P1020351\" width=\"300\" height=\"225\" \/><\/strong><\/span><\/p>\n<p><span style=\"background-color: #00ffff;\"><strong>\u00a0<\/strong><\/span><\/p>\n<h3><span style=\"background-color: #00ffff;\"><strong>-Vereinsnachmittage<\/strong><\/span><\/h3>\n<p><span style=\"background-color: #00ffff;\"><strong>\u00b0<\/strong>1 mal w\u00f6chentlich von 15:00 Uhr bis 18:00 Uhr (nicht in den Ferien)<\/span><\/p>\n<p><span style=\"background-color: #00ffff;\">Die Kinder verbringen im <strong>Miteinander<\/strong> und <strong>mit den Pferden<\/strong> bei uns die Nachmittage in sch\u00f6nster Natur mit weiteren M\u00f6glichkeiten zum spielen, toben und tr\u00e4umen.<\/span><\/p>\n<p><span style=\"background-color: #00ffff;\"><strong>F\u00fcr uns sind die Pferde keine Sportger\u00e4te!<\/strong> Das Reiten ist nur ein Teil von allem, was sie uns f\u00fcr unsere ganzheitliche Entwicklung geben k\u00f6nnen.<br \/>\n<\/span><\/td>\n<\/tr>\n<tr>\n<td style=\"width: 20%;\" align=\"left\" valign=\"top\"><\/td>\n<td style=\"width: 84.8787%;\" align=\"left\" valign=\"top\"><\/td>\n<\/tr>\n<\/tbody>\n<\/table>\n","protected":false},"excerpt":{"rendered":"<p>\u00b0Kindergeburtstage14 Uhr bis max. 18 Uhr -Zeit auf unserem Gel\u00e4nde mit Schaukeln, Trampolin, Spielhaus, Holzpferden&#8230; -Putzen und Ausflug mit unseren Ponys ca. eine Stunden Kosten: bis zu 3 Ponys 150\u20ac Kosten: bis 7 Ponys, 250\u20ac \u00b0Wanderungen durch die Brachwitzer Alpen mit unseren Shetlandponys Reiten nur f\u00fcr kleine Kinder! G\u00e4ste f\u00fchren die Ponys gerne mit. 1Stunde [&hellip;]<\/p>\n","protected":false},"author":1,"featured_media":0,"parent":0,"menu_order":0,"comment_status":"closed","ping_status":"open","template":"","meta":{"footnotes":""},"class_list":["post-9","page","type-page","status-publish","hentry"],"_links":{"self":[{"href":"http:\/\/zuegelfrei.de\/cms\/wp-json\/wp\/v2\/pages\/9","targetHints":{"allow":["GET"]}}],"collection":[{"href":"http:\/\/zuegelfrei.de\/cms\/wp-json\/wp\/v2\/pages"}],"about":[{"href":"http:\/\/zuegelfrei.de\/cms\/wp-json\/wp\/v2\/types\/page"}],"author":[{"embeddable":true,"href":"http:\/\/zuegelfrei.de\/cms\/wp-json\/wp\/v2\/users\/1"}],"replies":[{"embeddable":true,"href":"http:\/\/zuegelfrei.de\/cms\/wp-json\/wp\/v2\/comments?post=9"}],"version-history":[{"count":119,"href":"http:\/\/zuegelfrei.de\/cms\/wp-json\/wp\/v2\/pages\/9\/revisions"}],"predecessor-version":[{"id":1749,"href":"http:\/\/zuegelfrei.de\/cms\/wp-json\/wp\/v2\/pages\/9\/revisions\/1749"}],"wp:attachment":[{"href":"http:\/\/zuegelfrei.de\/cms\/wp-json\/wp\/v2\/media?parent=9"}],"curies":[{"name":"wp","href":"https:\/\/api.w.org\/{rel}","templated":true}]}}